{"id":7462,"date":"2023-07-14T09:27:52","date_gmt":"2023-07-14T07:27:52","guid":{"rendered":"https:\/\/ipermondo.it\/market\/prodotto\/crema-viso-superattiva-antirughe-intensiva-con-vitamine-a-c-e-50ml\/"},"modified":"2023-07-18T15:54:00","modified_gmt":"2023-07-18T13:54:00","slug":"crema-viso-superattiva-antirughe-intensiva-con-vitamine-a-c-e-50ml","status":"publish","type":"product","link":"https:\/\/ipermondo.it\/market\/crema-viso-superattiva-antirughe-intensiva-con-vitamine-a-c-e-50ml\/","title":{"rendered":"Crema Viso Superattiva BIO Antirughe Intensiva con Vitamine A.C.E. 50ml"},"content":{"rendered":"<h2>Crema Viso Superattiva BIO Antirughe Intensiva con Vitamine A.C.E. 50ml<\/h2>\n<p>La nostra Crema Viso Superattiva con Vitamine A.C.E. di Motiva Cosmetics \u00e8 un trattamento completo per la pelle che sfrutta la sinergia delle vitamine A, C ed E per offrire risultati rigeneranti, illuminanti e anti-invecchiamento.<\/p>\n<p>La combinazione di queste potenti vitamine lavora in armonia per rinforzare e rivitalizzare i tessuti della pelle, prevenendo e riducendo rughe e segni d&#8217;invecchiamento. La crema attiva la rigenerazione cellulare, stimolando la sintesi del collagene, il che porta a una pelle levigata, nutrita e luminosa.<\/p>\n<p>La Vitamina A svolge un ruolo essenziale nella protezione e nella preservazione dell&#8217;integrit\u00e0 strutturale e funzionale della pelle. Aiuta a ridurre la secchezza cutanea, rendendo la pelle pi\u00f9 morbida al tatto.<\/p>\n<p>La Vitamina C \u00e8 un potente antiossidante che neutralizza l&#8217;attivit\u00e0 dei radicali liberi, responsabili dei danni cellulari che portano alla comparsa di rughe e altri segni di invecchiamento. Inoltre, stimola la produzione di collagene, migliorando l&#8217;elasticit\u00e0 della pelle e donandole un aspetto pi\u00f9 giovane.<\/p>\n<p>La Vitamina E, nota per le sue propriet\u00e0 antiossidanti, favorisce l&#8217;ossigenazione delle cellule della pelle e contribuisce alla loro idratazione. Mantenendo la pelle morbida e liscia, aiuta a preservarne l&#8217;elasticit\u00e0.<\/p>\n<p>La nostra Crema Viso Superattiva con Vitamine A.C.E. di Motiva Cosmetics \u00e8 il trattamento ideale per coloro che cercano una pelle radiosa e sana. Con questa crema, la tua pelle beneficer\u00e0 dell&#8217;azione sinergica di queste vitamine essenziali, per un aspetto pi\u00f9 giovane e luminoso.<\/p>\n<p><strong>Azione<\/strong>: Rigenerante e illuminante<br \/>\n<strong>Formato<\/strong>: 50ml<br \/>\n<strong>Profumazione<\/strong>: Mughetto<\/p>\n","protected":false},"excerpt":{"rendered":"<p>Crema Viso Superattiva BIO Antirughe Intensiva con Vitamine A.C.E. 50ml La nostra Crema Viso Superattiva con Vitamine A.C.E. di Motiva Cosmetics \u00e8 un trattamento completo per la pelle che sfrutta la sinergia delle vitamine A, C ed E per offrire risultati rigeneranti, illuminanti e anti-invecchiamento. La combinazione di queste potenti vitamine lavora in armonia per<a class=\"more-link\" href=\"https:\/\/ipermondo.it\/market\/crema-viso-superattiva-antirughe-intensiva-con-vitamine-a-c-e-50ml\/\">Leggi tutto &#10230;<\/a><\/p>\n","protected":false},"featured_media":7463,"comment_status":"closed","ping_status":"open","template":"","meta":{"_editorskit_title_hidden":false,"_editorskit_reading_time":0,"_editorskit_is_block_options_detached":false,"_editorskit_block_options_position":"{}","_crdt_document":"","inline_featured_image":false},"product_brand":[],"product_cat":[69,68],"product_tag":[137,170,171,72,172,173,174],"class_list":{"0":"post-7462","1":"product","2":"type-product","3":"status-publish","4":"has-post-thumbnail","6":"product_cat-creme-viso","7":"product_cat-viso","8":"product_tag-crema-viso","9":"product_tag-crema-viso-effetto-scrub","10":"product_tag-crema-viso-esfoliante","11":"product_tag-crema-viso-illuminante","12":"product_tag-crema-viso-superattiva","13":"product_tag-crema-vitamine","14":"product_tag-vitamine-a-c-e","15":"yith_shop_vendor-motiva-cosmetics","17":"first","18":"instock","19":"shipping-taxable","20":"purchasable","21":"product-type-simple"},"yoast_head":"<!-- This site is optimized with the Yoast SEO plugin v27.0 - https:\/\/yoast.com\/product\/yoast-seo-wordpress\/ -->\n<title>Crema Viso Superattiva BIO Antirughe Intensiva con Vitamine A.C.E. 50ml - Marketplace Ipermondo<\/title>\n<meta name=\"robots\" content=\"index, follow, max-snippet:-1, max-image-preview:large, max-video-preview:-1\" \/>\n<link rel=\"canonical\" href=\"https:\/\/ipermondo.it\/market\/crema-viso-superattiva-antirughe-intensiva-con-vitamine-a-c-e-50ml\/\" \/>\n<meta property=\"og:locale\" content=\"it_IT\" \/>\n<meta property=\"og:type\" content=\"article\" \/>\n<meta property=\"og:title\" content=\"Crema Viso Superattiva BIO Antirughe Intensiva con Vitamine A.C.E. 50ml - Marketplace Ipermondo\" \/>\n<meta property=\"og:description\" content=\"Crema Viso Superattiva BIO Antirughe Intensiva con Vitamine A.C.E. 50ml La nostra Crema Viso Superattiva con Vitamine A.C.E. di Motiva Cosmetics \u00e8 un trattamento completo per la pelle che sfrutta la sinergia delle vitamine A, C ed E per offrire risultati rigeneranti, illuminanti e anti-invecchiamento. La combinazione di queste potenti vitamine lavora in armonia perLeggi tutto &#10230;\" \/>\n<meta property=\"og:url\" content=\"https:\/\/ipermondo.it\/market\/crema-viso-superattiva-antirughe-intensiva-con-vitamine-a-c-e-50ml\/\" \/>\n<meta property=\"og:site_name\" content=\"Marketplace Ipermondo\" \/>\n<meta property=\"article:modified_time\" content=\"2023-07-18T13:54:00+00:00\" \/>\n<meta property=\"og:image\" content=\"https:\/\/ipermondo.it\/market\/wp-content\/uploads\/2023\/07\/crema-viso-ace.jpg\" \/>\n\t<meta property=\"og:image:width\" content=\"1000\" \/>\n\t<meta property=\"og:image:height\" content=\"1000\" \/>\n\t<meta property=\"og:image:type\" content=\"image\/jpeg\" \/>\n<meta name=\"twitter:card\" content=\"summary_large_image\" \/>\n<meta name=\"twitter:label1\" content=\"Tempo di lettura stimato\" \/>\n\t<meta name=\"twitter:data1\" content=\"1 minuto\" \/>\n<script type=\"application\/ld+json\" class=\"yoast-schema-graph\">{\"@context\":\"https:\/\/schema.org\",\"@graph\":[{\"@type\":\"WebPage\",\"@id\":\"https:\/\/ipermondo.it\/market\/crema-viso-superattiva-antirughe-intensiva-con-vitamine-a-c-e-50ml\/\",\"url\":\"https:\/\/ipermondo.it\/market\/crema-viso-superattiva-antirughe-intensiva-con-vitamine-a-c-e-50ml\/\",\"name\":\"Crema Viso Superattiva BIO Antirughe Intensiva con Vitamine A.C.E. 50ml - Marketplace Ipermondo\",\"isPartOf\":{\"@id\":\"https:\/\/ipermondo.it\/market\/#website\"},\"primaryImageOfPage\":{\"@id\":\"https:\/\/ipermondo.it\/market\/crema-viso-superattiva-antirughe-intensiva-con-vitamine-a-c-e-50ml\/#primaryimage\"},\"image\":{\"@id\":\"https:\/\/ipermondo.it\/market\/crema-viso-superattiva-antirughe-intensiva-con-vitamine-a-c-e-50ml\/#primaryimage\"},\"thumbnailUrl\":\"https:\/\/ipermondo.it\/market\/wp-content\/uploads\/2023\/07\/crema-viso-ace.jpg\",\"datePublished\":\"2023-07-14T07:27:52+00:00\",\"dateModified\":\"2023-07-18T13:54:00+00:00\",\"breadcrumb\":{\"@id\":\"https:\/\/ipermondo.it\/market\/crema-viso-superattiva-antirughe-intensiva-con-vitamine-a-c-e-50ml\/#breadcrumb\"},\"inLanguage\":\"it-IT\",\"potentialAction\":[{\"@type\":\"ReadAction\",\"target\":[\"https:\/\/ipermondo.it\/market\/crema-viso-superattiva-antirughe-intensiva-con-vitamine-a-c-e-50ml\/\"]}]},{\"@type\":\"ImageObject\",\"inLanguage\":\"it-IT\",\"@id\":\"https:\/\/ipermondo.it\/market\/crema-viso-superattiva-antirughe-intensiva-con-vitamine-a-c-e-50ml\/#primaryimage\",\"url\":\"https:\/\/ipermondo.it\/market\/wp-content\/uploads\/2023\/07\/crema-viso-ace.jpg\",\"contentUrl\":\"https:\/\/ipermondo.it\/market\/wp-content\/uploads\/2023\/07\/crema-viso-ace.jpg\",\"width\":1000,\"height\":1000,\"caption\":\"crema viso ace\"},{\"@type\":\"BreadcrumbList\",\"@id\":\"https:\/\/ipermondo.it\/market\/crema-viso-superattiva-antirughe-intensiva-con-vitamine-a-c-e-50ml\/#breadcrumb\",\"itemListElement\":[{\"@type\":\"ListItem\",\"position\":1,\"name\":\"Home\",\"item\":\"https:\/\/ipermondo.it\/market\/\"},{\"@type\":\"ListItem\",\"position\":2,\"name\":\"Shop\",\"item\":\"https:\/\/ipermondo.it\/market\/shop\/\"},{\"@type\":\"ListItem\",\"position\":3,\"name\":\"Crema Viso Superattiva BIO Antirughe Intensiva con Vitamine A.C.E. 50ml\"}]},{\"@type\":\"WebSite\",\"@id\":\"https:\/\/ipermondo.it\/market\/#website\",\"url\":\"https:\/\/ipermondo.it\/market\/\",\"name\":\"Marketplace Ipermondo\",\"description\":\"\",\"publisher\":{\"@id\":\"https:\/\/ipermondo.it\/market\/#organization\"},\"potentialAction\":[{\"@type\":\"SearchAction\",\"target\":{\"@type\":\"EntryPoint\",\"urlTemplate\":\"https:\/\/ipermondo.it\/market\/?s={search_term_string}\"},\"query-input\":{\"@type\":\"PropertyValueSpecification\",\"valueRequired\":true,\"valueName\":\"search_term_string\"}}],\"inLanguage\":\"it-IT\"},{\"@type\":\"Organization\",\"@id\":\"https:\/\/ipermondo.it\/market\/#organization\",\"name\":\"Marketplace Ipermondo\",\"url\":\"https:\/\/ipermondo.it\/market\/\",\"logo\":{\"@type\":\"ImageObject\",\"inLanguage\":\"it-IT\",\"@id\":\"https:\/\/ipermondo.it\/market\/#\/schema\/logo\/image\/\",\"url\":\"https:\/\/ipermondo.it\/market\/wp-content\/uploads\/2023\/07\/cropped-logo-ipermondo-new.png\",\"contentUrl\":\"https:\/\/ipermondo.it\/market\/wp-content\/uploads\/2023\/07\/cropped-logo-ipermondo-new.png\",\"width\":240,\"height\":50,\"caption\":\"Marketplace Ipermondo\"},\"image\":{\"@id\":\"https:\/\/ipermondo.it\/market\/#\/schema\/logo\/image\/\"}}]}<\/script>\n<!-- \/ Yoast SEO plugin. -->","yoast_head_json":{"title":"Crema Viso Superattiva BIO Antirughe Intensiva con Vitamine A.C.E. 50ml - Marketplace Ipermondo","robots":{"index":"index","follow":"follow","max-snippet":"max-snippet:-1","max-image-preview":"max-image-preview:large","max-video-preview":"max-video-preview:-1"},"canonical":"https:\/\/ipermondo.it\/market\/crema-viso-superattiva-antirughe-intensiva-con-vitamine-a-c-e-50ml\/","og_locale":"it_IT","og_type":"article","og_title":"Crema Viso Superattiva BIO Antirughe Intensiva con Vitamine A.C.E. 50ml - Marketplace Ipermondo","og_description":"Crema Viso Superattiva BIO Antirughe Intensiva con Vitamine A.C.E. 50ml La nostra Crema Viso Superattiva con Vitamine A.C.E. di Motiva Cosmetics \u00e8 un trattamento completo per la pelle che sfrutta la sinergia delle vitamine A, C ed E per offrire risultati rigeneranti, illuminanti e anti-invecchiamento. La combinazione di queste potenti vitamine lavora in armonia perLeggi tutto &#10230;","og_url":"https:\/\/ipermondo.it\/market\/crema-viso-superattiva-antirughe-intensiva-con-vitamine-a-c-e-50ml\/","og_site_name":"Marketplace Ipermondo","article_modified_time":"2023-07-18T13:54:00+00:00","og_image":[{"width":1000,"height":1000,"url":"https:\/\/ipermondo.it\/market\/wp-content\/uploads\/2023\/07\/crema-viso-ace.jpg","type":"image\/jpeg"}],"twitter_card":"summary_large_image","twitter_misc":{"Tempo di lettura stimato":"1 minuto"},"schema":{"@context":"https:\/\/schema.org","@graph":[{"@type":"WebPage","@id":"https:\/\/ipermondo.it\/market\/crema-viso-superattiva-antirughe-intensiva-con-vitamine-a-c-e-50ml\/","url":"https:\/\/ipermondo.it\/market\/crema-viso-superattiva-antirughe-intensiva-con-vitamine-a-c-e-50ml\/","name":"Crema Viso Superattiva BIO Antirughe Intensiva con Vitamine A.C.E. 50ml - Marketplace Ipermondo","isPartOf":{"@id":"https:\/\/ipermondo.it\/market\/#website"},"primaryImageOfPage":{"@id":"https:\/\/ipermondo.it\/market\/crema-viso-superattiva-antirughe-intensiva-con-vitamine-a-c-e-50ml\/#primaryimage"},"image":{"@id":"https:\/\/ipermondo.it\/market\/crema-viso-superattiva-antirughe-intensiva-con-vitamine-a-c-e-50ml\/#primaryimage"},"thumbnailUrl":"https:\/\/ipermondo.it\/market\/wp-content\/uploads\/2023\/07\/crema-viso-ace.jpg","datePublished":"2023-07-14T07:27:52+00:00","dateModified":"2023-07-18T13:54:00+00:00","breadcrumb":{"@id":"https:\/\/ipermondo.it\/market\/crema-viso-superattiva-antirughe-intensiva-con-vitamine-a-c-e-50ml\/#breadcrumb"},"inLanguage":"it-IT","potentialAction":[{"@type":"ReadAction","target":["https:\/\/ipermondo.it\/market\/crema-viso-superattiva-antirughe-intensiva-con-vitamine-a-c-e-50ml\/"]}]},{"@type":"ImageObject","inLanguage":"it-IT","@id":"https:\/\/ipermondo.it\/market\/crema-viso-superattiva-antirughe-intensiva-con-vitamine-a-c-e-50ml\/#primaryimage","url":"https:\/\/ipermondo.it\/market\/wp-content\/uploads\/2023\/07\/crema-viso-ace.jpg","contentUrl":"https:\/\/ipermondo.it\/market\/wp-content\/uploads\/2023\/07\/crema-viso-ace.jpg","width":1000,"height":1000,"caption":"crema viso ace"},{"@type":"BreadcrumbList","@id":"https:\/\/ipermondo.it\/market\/crema-viso-superattiva-antirughe-intensiva-con-vitamine-a-c-e-50ml\/#breadcrumb","itemListElement":[{"@type":"ListItem","position":1,"name":"Home","item":"https:\/\/ipermondo.it\/market\/"},{"@type":"ListItem","position":2,"name":"Shop","item":"https:\/\/ipermondo.it\/market\/shop\/"},{"@type":"ListItem","position":3,"name":"Crema Viso Superattiva BIO Antirughe Intensiva con Vitamine A.C.E. 50ml"}]},{"@type":"WebSite","@id":"https:\/\/ipermondo.it\/market\/#website","url":"https:\/\/ipermondo.it\/market\/","name":"Marketplace Ipermondo","description":"","publisher":{"@id":"https:\/\/ipermondo.it\/market\/#organization"},"potentialAction":[{"@type":"SearchAction","target":{"@type":"EntryPoint","urlTemplate":"https:\/\/ipermondo.it\/market\/?s={search_term_string}"},"query-input":{"@type":"PropertyValueSpecification","valueRequired":true,"valueName":"search_term_string"}}],"inLanguage":"it-IT"},{"@type":"Organization","@id":"https:\/\/ipermondo.it\/market\/#organization","name":"Marketplace Ipermondo","url":"https:\/\/ipermondo.it\/market\/","logo":{"@type":"ImageObject","inLanguage":"it-IT","@id":"https:\/\/ipermondo.it\/market\/#\/schema\/logo\/image\/","url":"https:\/\/ipermondo.it\/market\/wp-content\/uploads\/2023\/07\/cropped-logo-ipermondo-new.png","contentUrl":"https:\/\/ipermondo.it\/market\/wp-content\/uploads\/2023\/07\/cropped-logo-ipermondo-new.png","width":240,"height":50,"caption":"Marketplace Ipermondo"},"image":{"@id":"https:\/\/ipermondo.it\/market\/#\/schema\/logo\/image\/"}}]}},"jetpack_sharing_enabled":true,"_links":{"self":[{"href":"https:\/\/ipermondo.it\/market\/wp-json\/wp\/v2\/product\/7462","targetHints":{"allow":["GET"]}}],"collection":[{"href":"https:\/\/ipermondo.it\/market\/wp-json\/wp\/v2\/product"}],"about":[{"href":"https:\/\/ipermondo.it\/market\/wp-json\/wp\/v2\/types\/product"}],"replies":[{"embeddable":true,"href":"https:\/\/ipermondo.it\/market\/wp-json\/wp\/v2\/comments?post=7462"}],"wp:featuredmedia":[{"embeddable":true,"href":"https:\/\/ipermondo.it\/market\/wp-json\/wp\/v2\/media\/7463"}],"wp:attachment":[{"href":"https:\/\/ipermondo.it\/market\/wp-json\/wp\/v2\/media?parent=7462"}],"wp:term":[{"taxonomy":"product_brand","embeddable":true,"href":"https:\/\/ipermondo.it\/market\/wp-json\/wp\/v2\/product_brand?post=7462"},{"taxonomy":"product_cat","embeddable":true,"href":"https:\/\/ipermondo.it\/market\/wp-json\/wp\/v2\/product_cat?post=7462"},{"taxonomy":"product_tag","embeddable":true,"href":"https:\/\/ipermondo.it\/market\/wp-json\/wp\/v2\/product_tag?post=7462"}],"curies":[{"name":"wp","href":"https:\/\/api.w.org\/{rel}","templated":true}]}}