{"id":7434,"date":"2022-12-27T16:14:41","date_gmt":"2022-12-27T15:14:41","guid":{"rendered":"https:\/\/ipermondo.it\/market\/prodotto\/crema-viso-q10-elixxir-ultra\/"},"modified":"2023-07-18T15:54:00","modified_gmt":"2023-07-18T13:54:00","slug":"crema-viso-q10-elixxir-ultra","status":"publish","type":"product","link":"https:\/\/ipermondo.it\/market\/crema-viso-q10-elixxir-ultra\/","title":{"rendered":"Crema Viso Q10 ELIXXIR ULTRA Crema con Coenzima Q10  protegge dall\u2019invecchiamento precoce 50ml"},"content":{"rendered":"<h2>Crema Viso Q10 ELIXXIR ULTRA Crema con Coenzima Q10 protegge dall\u2019invecchiamento precoce 50ml<\/h2>\n<p>Speciale crema antirughe ed antiet\u00e0 con Coenzima Q10 (Ubichinone) e Collagene.<\/p>\n<p>Il Coenzima Q10 esercita un\u2019azione antiossidante, riducendo la perossidazione lipidica e proteica; l\u2019olio di Germe di Grano, \u00e8 particolarmente indicato per pelli delicate e sensibili; il Collagene \u00e8 responsabile della protezione meccanica dell\u2019organismo da parte della pelle, del benessere e della condizione della cute.<\/p>\n<p>Dona elasticit\u00e0 e tonicit\u00e0 ai tessuti e minimizza le rughe. Pu\u00f2 anche essere usata nel contorno occhi e sul seno, in casi di ptosi e rilassamento dei tessuti<\/p>\n<p>Contenitore: Vaso vetro<br \/>\nFormato: 50ml<\/p>\n<p>INGREDIENTI:<\/p>\n<p>Aqua, C12-15 alkyl benzoate, Cetearyl alcohol, Caprylic\/capric triglyceride, Prunus amygdalus dulcis<br \/>\noil, Glyceryl stearate, PEG-100 stearate, Glycerin, Triticum vulgare germ oil, Propylene glycol,<br \/>\nTocopheryl acetate, Helianthus annuus seed oil, Calendula officinalis extract, Centella asiatica extract, Phenoxyethanol, Tetrasodium glutamate diacetate, Panthenol, Hydrolyzed collagen, Ubiquinone, Citric acid, Triethyl citrate, Parfum, Ethylhexylglycerin, Linalool, Benzyl benzoate.<\/p>\n","protected":false},"excerpt":{"rendered":"<p>Crema Viso Q10 ELIXXIR ULTRA Crema con Coenzima Q10 protegge dall\u2019invecchiamento precoce 50ml Speciale crema antirughe ed antiet\u00e0 con Coenzima Q10 (Ubichinone) e Collagene. Il Coenzima Q10 esercita un\u2019azione antiossidante, riducendo la perossidazione lipidica e proteica; l\u2019olio di Germe di Grano, \u00e8 particolarmente indicato per pelli delicate e sensibili; il Collagene \u00e8 responsabile della protezione<a class=\"more-link\" href=\"https:\/\/ipermondo.it\/market\/crema-viso-q10-elixxir-ultra\/\">Leggi tutto &#10230;<\/a><\/p>\n","protected":false},"featured_media":7435,"comment_status":"closed","ping_status":"open","template":"","meta":{"_editorskit_title_hidden":false,"_editorskit_reading_time":0,"_editorskit_is_block_options_detached":false,"_editorskit_block_options_position":"{}","_crdt_document":"","inline_featured_image":false},"product_brand":[],"product_cat":[69,68],"product_tag":[93,121,122,123,71,124,125,126,127],"class_list":{"0":"post-7434","1":"product","2":"type-product","3":"status-publish","4":"has-post-thumbnail","6":"product_cat-creme-viso","7":"product_cat-viso","8":"product_tag-antirughe","9":"product_tag-contorno-occhi","10":"product_tag-crema-viso-q10","11":"product_tag-effetto-lifting","12":"product_tag-elixxir-ultra","13":"product_tag-idratante","14":"product_tag-seno","15":"product_tag-tonicizzante","16":"product_tag-viso","17":"yith_shop_vendor-motiva-cosmetics","19":"first","20":"instock","21":"featured","22":"purchasable","23":"product-type-simple"},"yoast_head":"<!-- This site is optimized with the Yoast SEO plugin v27.0 - https:\/\/yoast.com\/product\/yoast-seo-wordpress\/ -->\n<title>Crema Viso Q10 ELIXXIR ULTRA Crema con Coenzima Q10 protegge dall\u2019invecchiamento precoce 50ml - Marketplace Ipermondo<\/title>\n<meta name=\"robots\" content=\"index, follow, max-snippet:-1, max-image-preview:large, max-video-preview:-1\" \/>\n<link rel=\"canonical\" href=\"https:\/\/ipermondo.it\/market\/crema-viso-q10-elixxir-ultra\/\" \/>\n<meta property=\"og:locale\" content=\"it_IT\" \/>\n<meta property=\"og:type\" content=\"article\" \/>\n<meta property=\"og:title\" content=\"Crema Viso Q10 ELIXXIR ULTRA Crema con Coenzima Q10 protegge dall\u2019invecchiamento precoce 50ml - Marketplace Ipermondo\" \/>\n<meta property=\"og:description\" content=\"Crema Viso Q10 ELIXXIR ULTRA Crema con Coenzima Q10 protegge dall\u2019invecchiamento precoce 50ml Speciale crema antirughe ed antiet\u00e0 con Coenzima Q10 (Ubichinone) e Collagene. Il Coenzima Q10 esercita un\u2019azione antiossidante, riducendo la perossidazione lipidica e proteica; l\u2019olio di Germe di Grano, \u00e8 particolarmente indicato per pelli delicate e sensibili; il Collagene \u00e8 responsabile della protezioneLeggi tutto &#10230;\" \/>\n<meta property=\"og:url\" content=\"https:\/\/ipermondo.it\/market\/crema-viso-q10-elixxir-ultra\/\" \/>\n<meta property=\"og:site_name\" content=\"Marketplace Ipermondo\" \/>\n<meta property=\"article:modified_time\" content=\"2023-07-18T13:54:00+00:00\" \/>\n<meta property=\"og:image\" content=\"https:\/\/ipermondo.it\/market\/wp-content\/uploads\/2023\/07\/Q-10-scatola.jpg\" \/>\n\t<meta property=\"og:image:width\" content=\"1200\" \/>\n\t<meta property=\"og:image:height\" content=\"1200\" \/>\n\t<meta property=\"og:image:type\" content=\"image\/jpeg\" \/>\n<meta name=\"twitter:card\" content=\"summary_large_image\" \/>\n<meta name=\"twitter:label1\" content=\"Tempo di lettura stimato\" \/>\n\t<meta name=\"twitter:data1\" content=\"1 minuto\" \/>\n<script type=\"application\/ld+json\" class=\"yoast-schema-graph\">{\"@context\":\"https:\/\/schema.org\",\"@graph\":[{\"@type\":\"WebPage\",\"@id\":\"https:\/\/ipermondo.it\/market\/crema-viso-q10-elixxir-ultra\/\",\"url\":\"https:\/\/ipermondo.it\/market\/crema-viso-q10-elixxir-ultra\/\",\"name\":\"Crema Viso Q10 ELIXXIR ULTRA Crema con Coenzima Q10 protegge dall\u2019invecchiamento precoce 50ml - Marketplace Ipermondo\",\"isPartOf\":{\"@id\":\"https:\/\/ipermondo.it\/market\/#website\"},\"primaryImageOfPage\":{\"@id\":\"https:\/\/ipermondo.it\/market\/crema-viso-q10-elixxir-ultra\/#primaryimage\"},\"image\":{\"@id\":\"https:\/\/ipermondo.it\/market\/crema-viso-q10-elixxir-ultra\/#primaryimage\"},\"thumbnailUrl\":\"https:\/\/ipermondo.it\/market\/wp-content\/uploads\/2023\/07\/Q-10-scatola.jpg\",\"datePublished\":\"2022-12-27T15:14:41+00:00\",\"dateModified\":\"2023-07-18T13:54:00+00:00\",\"breadcrumb\":{\"@id\":\"https:\/\/ipermondo.it\/market\/crema-viso-q10-elixxir-ultra\/#breadcrumb\"},\"inLanguage\":\"it-IT\",\"potentialAction\":[{\"@type\":\"ReadAction\",\"target\":[\"https:\/\/ipermondo.it\/market\/crema-viso-q10-elixxir-ultra\/\"]}]},{\"@type\":\"ImageObject\",\"inLanguage\":\"it-IT\",\"@id\":\"https:\/\/ipermondo.it\/market\/crema-viso-q10-elixxir-ultra\/#primaryimage\",\"url\":\"https:\/\/ipermondo.it\/market\/wp-content\/uploads\/2023\/07\/Q-10-scatola.jpg\",\"contentUrl\":\"https:\/\/ipermondo.it\/market\/wp-content\/uploads\/2023\/07\/Q-10-scatola.jpg\",\"width\":1200,\"height\":1200,\"caption\":\"Q 10 scatola\"},{\"@type\":\"BreadcrumbList\",\"@id\":\"https:\/\/ipermondo.it\/market\/crema-viso-q10-elixxir-ultra\/#breadcrumb\",\"itemListElement\":[{\"@type\":\"ListItem\",\"position\":1,\"name\":\"Home\",\"item\":\"https:\/\/ipermondo.it\/market\/\"},{\"@type\":\"ListItem\",\"position\":2,\"name\":\"Shop\",\"item\":\"https:\/\/ipermondo.it\/market\/shop\/\"},{\"@type\":\"ListItem\",\"position\":3,\"name\":\"Crema Viso Q10 ELIXXIR ULTRA Crema con Coenzima Q10 protegge dall\u2019invecchiamento precoce 50ml\"}]},{\"@type\":\"WebSite\",\"@id\":\"https:\/\/ipermondo.it\/market\/#website\",\"url\":\"https:\/\/ipermondo.it\/market\/\",\"name\":\"Marketplace Ipermondo\",\"description\":\"\",\"publisher\":{\"@id\":\"https:\/\/ipermondo.it\/market\/#organization\"},\"potentialAction\":[{\"@type\":\"SearchAction\",\"target\":{\"@type\":\"EntryPoint\",\"urlTemplate\":\"https:\/\/ipermondo.it\/market\/?s={search_term_string}\"},\"query-input\":{\"@type\":\"PropertyValueSpecification\",\"valueRequired\":true,\"valueName\":\"search_term_string\"}}],\"inLanguage\":\"it-IT\"},{\"@type\":\"Organization\",\"@id\":\"https:\/\/ipermondo.it\/market\/#organization\",\"name\":\"Marketplace Ipermondo\",\"url\":\"https:\/\/ipermondo.it\/market\/\",\"logo\":{\"@type\":\"ImageObject\",\"inLanguage\":\"it-IT\",\"@id\":\"https:\/\/ipermondo.it\/market\/#\/schema\/logo\/image\/\",\"url\":\"https:\/\/ipermondo.it\/market\/wp-content\/uploads\/2023\/07\/cropped-logo-ipermondo-new.png\",\"contentUrl\":\"https:\/\/ipermondo.it\/market\/wp-content\/uploads\/2023\/07\/cropped-logo-ipermondo-new.png\",\"width\":240,\"height\":50,\"caption\":\"Marketplace Ipermondo\"},\"image\":{\"@id\":\"https:\/\/ipermondo.it\/market\/#\/schema\/logo\/image\/\"}}]}<\/script>\n<!-- \/ Yoast SEO plugin. -->","yoast_head_json":{"title":"Crema Viso Q10 ELIXXIR ULTRA Crema con Coenzima Q10 protegge dall\u2019invecchiamento precoce 50ml - Marketplace Ipermondo","robots":{"index":"index","follow":"follow","max-snippet":"max-snippet:-1","max-image-preview":"max-image-preview:large","max-video-preview":"max-video-preview:-1"},"canonical":"https:\/\/ipermondo.it\/market\/crema-viso-q10-elixxir-ultra\/","og_locale":"it_IT","og_type":"article","og_title":"Crema Viso Q10 ELIXXIR ULTRA Crema con Coenzima Q10 protegge dall\u2019invecchiamento precoce 50ml - Marketplace Ipermondo","og_description":"Crema Viso Q10 ELIXXIR ULTRA Crema con Coenzima Q10 protegge dall\u2019invecchiamento precoce 50ml Speciale crema antirughe ed antiet\u00e0 con Coenzima Q10 (Ubichinone) e Collagene. Il Coenzima Q10 esercita un\u2019azione antiossidante, riducendo la perossidazione lipidica e proteica; l\u2019olio di Germe di Grano, \u00e8 particolarmente indicato per pelli delicate e sensibili; il Collagene \u00e8 responsabile della protezioneLeggi tutto &#10230;","og_url":"https:\/\/ipermondo.it\/market\/crema-viso-q10-elixxir-ultra\/","og_site_name":"Marketplace Ipermondo","article_modified_time":"2023-07-18T13:54:00+00:00","og_image":[{"width":1200,"height":1200,"url":"https:\/\/ipermondo.it\/market\/wp-content\/uploads\/2023\/07\/Q-10-scatola.jpg","type":"image\/jpeg"}],"twitter_card":"summary_large_image","twitter_misc":{"Tempo di lettura stimato":"1 minuto"},"schema":{"@context":"https:\/\/schema.org","@graph":[{"@type":"WebPage","@id":"https:\/\/ipermondo.it\/market\/crema-viso-q10-elixxir-ultra\/","url":"https:\/\/ipermondo.it\/market\/crema-viso-q10-elixxir-ultra\/","name":"Crema Viso Q10 ELIXXIR ULTRA Crema con Coenzima Q10 protegge dall\u2019invecchiamento precoce 50ml - Marketplace Ipermondo","isPartOf":{"@id":"https:\/\/ipermondo.it\/market\/#website"},"primaryImageOfPage":{"@id":"https:\/\/ipermondo.it\/market\/crema-viso-q10-elixxir-ultra\/#primaryimage"},"image":{"@id":"https:\/\/ipermondo.it\/market\/crema-viso-q10-elixxir-ultra\/#primaryimage"},"thumbnailUrl":"https:\/\/ipermondo.it\/market\/wp-content\/uploads\/2023\/07\/Q-10-scatola.jpg","datePublished":"2022-12-27T15:14:41+00:00","dateModified":"2023-07-18T13:54:00+00:00","breadcrumb":{"@id":"https:\/\/ipermondo.it\/market\/crema-viso-q10-elixxir-ultra\/#breadcrumb"},"inLanguage":"it-IT","potentialAction":[{"@type":"ReadAction","target":["https:\/\/ipermondo.it\/market\/crema-viso-q10-elixxir-ultra\/"]}]},{"@type":"ImageObject","inLanguage":"it-IT","@id":"https:\/\/ipermondo.it\/market\/crema-viso-q10-elixxir-ultra\/#primaryimage","url":"https:\/\/ipermondo.it\/market\/wp-content\/uploads\/2023\/07\/Q-10-scatola.jpg","contentUrl":"https:\/\/ipermondo.it\/market\/wp-content\/uploads\/2023\/07\/Q-10-scatola.jpg","width":1200,"height":1200,"caption":"Q 10 scatola"},{"@type":"BreadcrumbList","@id":"https:\/\/ipermondo.it\/market\/crema-viso-q10-elixxir-ultra\/#breadcrumb","itemListElement":[{"@type":"ListItem","position":1,"name":"Home","item":"https:\/\/ipermondo.it\/market\/"},{"@type":"ListItem","position":2,"name":"Shop","item":"https:\/\/ipermondo.it\/market\/shop\/"},{"@type":"ListItem","position":3,"name":"Crema Viso Q10 ELIXXIR ULTRA Crema con Coenzima Q10 protegge dall\u2019invecchiamento precoce 50ml"}]},{"@type":"WebSite","@id":"https:\/\/ipermondo.it\/market\/#website","url":"https:\/\/ipermondo.it\/market\/","name":"Marketplace Ipermondo","description":"","publisher":{"@id":"https:\/\/ipermondo.it\/market\/#organization"},"potentialAction":[{"@type":"SearchAction","target":{"@type":"EntryPoint","urlTemplate":"https:\/\/ipermondo.it\/market\/?s={search_term_string}"},"query-input":{"@type":"PropertyValueSpecification","valueRequired":true,"valueName":"search_term_string"}}],"inLanguage":"it-IT"},{"@type":"Organization","@id":"https:\/\/ipermondo.it\/market\/#organization","name":"Marketplace Ipermondo","url":"https:\/\/ipermondo.it\/market\/","logo":{"@type":"ImageObject","inLanguage":"it-IT","@id":"https:\/\/ipermondo.it\/market\/#\/schema\/logo\/image\/","url":"https:\/\/ipermondo.it\/market\/wp-content\/uploads\/2023\/07\/cropped-logo-ipermondo-new.png","contentUrl":"https:\/\/ipermondo.it\/market\/wp-content\/uploads\/2023\/07\/cropped-logo-ipermondo-new.png","width":240,"height":50,"caption":"Marketplace Ipermondo"},"image":{"@id":"https:\/\/ipermondo.it\/market\/#\/schema\/logo\/image\/"}}]}},"jetpack_sharing_enabled":true,"_links":{"self":[{"href":"https:\/\/ipermondo.it\/market\/wp-json\/wp\/v2\/product\/7434","targetHints":{"allow":["GET"]}}],"collection":[{"href":"https:\/\/ipermondo.it\/market\/wp-json\/wp\/v2\/product"}],"about":[{"href":"https:\/\/ipermondo.it\/market\/wp-json\/wp\/v2\/types\/product"}],"replies":[{"embeddable":true,"href":"https:\/\/ipermondo.it\/market\/wp-json\/wp\/v2\/comments?post=7434"}],"wp:featuredmedia":[{"embeddable":true,"href":"https:\/\/ipermondo.it\/market\/wp-json\/wp\/v2\/media\/7435"}],"wp:attachment":[{"href":"https:\/\/ipermondo.it\/market\/wp-json\/wp\/v2\/media?parent=7434"}],"wp:term":[{"taxonomy":"product_brand","embeddable":true,"href":"https:\/\/ipermondo.it\/market\/wp-json\/wp\/v2\/product_brand?post=7434"},{"taxonomy":"product_cat","embeddable":true,"href":"https:\/\/ipermondo.it\/market\/wp-json\/wp\/v2\/product_cat?post=7434"},{"taxonomy":"product_tag","embeddable":true,"href":"https:\/\/ipermondo.it\/market\/wp-json\/wp\/v2\/product_tag?post=7434"}],"curies":[{"name":"wp","href":"https:\/\/api.w.org\/{rel}","templated":true}]}}